{"id":250026,"date":"2023-07-14T19:07:22","date_gmt":"2023-07-14T22:07:22","guid":{"rendered":"https:\/\/sialaleche.org\/home\/?page_id=250026"},"modified":"2023-07-14T19:08:43","modified_gmt":"2023-07-14T22:08:43","slug":"facil-rico-y-nutritivo","status":"publish","type":"page","link":"https:\/\/sialaleche.org\/home\/ciclo-de-actividades\/facil-rico-y-nutritivo\/","title":{"rendered":"F\u00e1cil, rico y nutritivo"},"content":{"rendered":"[et_pb_section fb_built=&#8221;1&#8243; fullwidth=&#8221;on&#8221; _builder_version=&#8221;4.14.7&#8243; _module_preset=&#8221;default&#8221; global_colors_info=&#8221;{}&#8221;][et_pb_fullwidth_header title=&#8221;F\u00e1cil, rico y nutritivo&#8221; header_scroll_down=&#8221;on&#8221; scroll_down_icon_size=&#8221;25px&#8221; background_overlay_color=&#8221;rgba(0,0,0,0.24)&#8221; _builder_version=&#8221;4.14.7&#8243; _module_preset=&#8221;default&#8221; title_text_align=&#8221;center&#8221; title_text_color=&#8221;#FFFFFF&#8221; title_font_size=&#8221;45px&#8221; background_enable_color=&#8221;off&#8221; background_image=&#8221;https:\/\/sialaleche.org\/home\/wp-content\/uploads\/2023\/05\/12121545454121021.jpg&#8221; title_text_shadow_style=&#8221;preset1&#8243; global_colors_info=&#8221;{}&#8221;][\/et_pb_fullwidth_header][\/et_pb_section][et_pb_section fb_built=&#8221;1&#8243; _builder_version=&#8221;4.14.7&#8243; _module_preset=&#8221;default&#8221; global_colors_info=&#8221;{}&#8221;][et_pb_row _builder_version=&#8221;4.14.7&#8243; _module_preset=&#8221;default&#8221; global_colors_info=&#8221;{}&#8221;][et_pb_column type=&#8221;4_4&#8243; _builder_version=&#8221;4.14.7&#8243; _module_preset=&#8221;default&#8221; global_colors_info=&#8221;{}&#8221;][et_pb_text _builder_version=&#8221;4.14.7&#8243; _module_preset=&#8221;default&#8221; global_colors_info=&#8221;{}&#8221;]\n<p style=\"text-align: center;\"><strong>Te presentamos un nuevo ciclo para alimentarte de forma saludable y deliciosa: semana a semana, encontrar\u00e1s aqu\u00ed y en nuestras redes sociales una nueva receta en la que los l\u00e1cteos y t\u00fa ser\u00e1n los verdaderos protagonistas.<\/strong><\/p>\n[\/et_pb_text][et_pb_blog fullwidth=&#8221;off&#8221; posts_number=&#8221;2000&#8243; include_categories=&#8221;71&#8243; show_author=&#8221;off&#8221; show_date=&#8221;off&#8221; show_categories=&#8221;off&#8221; show_excerpt=&#8221;off&#8221; use_overlay=&#8221;on&#8221; overlay_icon_color=&#8221;#FFFFFF&#8221; hover_overlay_color=&#8221;rgba(168,33,147,0.39)&#8221; module_class=&#8221;blog_igualado&#8221; _builder_version=&#8221;4.14.7&#8243; _module_preset=&#8221;default&#8221; header_text_align=&#8221;center&#8221; header_line_height=&#8221;1.5em&#8221; hover_enabled=&#8221;0&#8243; border_radii=&#8221;on|15px|15px|15px|15px&#8221; box_shadow_style=&#8221;preset3&#8243; global_colors_info=&#8221;{}&#8221; sticky_enabled=&#8221;0&#8243;][\/et_pb_blog][\/et_pb_column][\/et_pb_row][\/et_pb_section]\n","protected":false},"excerpt":{"rendered":"<p>Te presentamos un nuevo ciclo para alimentarte de forma saludable y deliciosa: semana a semana, encontrar\u00e1s aqu\u00ed y en nuestras redes sociales una nueva receta en la que los l\u00e1cteos y t\u00fa ser\u00e1n los verdaderos protagonistas.<\/p>\n","protected":false},"author":1,"featured_media":0,"parent":303,"menu_order":1,"comment_status":"closed","ping_status":"closed","template":"","meta":{"_et_pb_use_builder":"on","_et_pb_old_content":"","_et_gb_content_width":"","rop_custom_images_group":[],"rop_custom_messages_group":[],"rop_publish_now":"initial","rop_publish_now_accounts":[],"rop_publish_now_history":[],"rop_publish_now_status":"pending","_themeisle_gutenberg_block_has_review":false,"footnotes":""},"class_list":["post-250026","page","type-page","status-publish","hentry"],"_links":{"self":[{"href":"https:\/\/sialaleche.org\/home\/wp-json\/wp\/v2\/pages\/250026","targetHints":{"allow":["GET"]}}],"collection":[{"href":"https:\/\/sialaleche.org\/home\/wp-json\/wp\/v2\/pages"}],"about":[{"href":"https:\/\/sialaleche.org\/home\/wp-json\/wp\/v2\/types\/page"}],"author":[{"embeddable":true,"href":"https:\/\/sialaleche.org\/home\/wp-json\/wp\/v2\/users\/1"}],"replies":[{"embeddable":true,"href":"https:\/\/sialaleche.org\/home\/wp-json\/wp\/v2\/comments?post=250026"}],"version-history":[{"count":4,"href":"https:\/\/sialaleche.org\/home\/wp-json\/wp\/v2\/pages\/250026\/revisions"}],"predecessor-version":[{"id":250030,"href":"https:\/\/sialaleche.org\/home\/wp-json\/wp\/v2\/pages\/250026\/revisions\/250030"}],"up":[{"embeddable":true,"href":"https:\/\/sialaleche.org\/home\/wp-json\/wp\/v2\/pages\/303"}],"wp:attachment":[{"href":"https:\/\/sialaleche.org\/home\/wp-json\/wp\/v2\/media?parent=250026"}],"curies":[{"name":"wp","href":"https:\/\/api.w.org\/{rel}","templated":true}]}}