{"id":250565,"date":"2023-08-02T18:36:13","date_gmt":"2023-08-02T21:36:13","guid":{"rendered":"https:\/\/sialaleche.org\/home\/?page_id=250565"},"modified":"2023-08-02T18:46:45","modified_gmt":"2023-08-02T21:46:45","slug":"certezas-lacteas","status":"publish","type":"page","link":"https:\/\/sialaleche.org\/home\/ciclo-de-actividades\/certezas-lacteas\/","title":{"rendered":"Certezas l\u00e1cteas"},"content":{"rendered":"[et_pb_section fb_built=&#8221;1&#8243; fullwidth=&#8221;on&#8221; _builder_version=&#8221;4.14.7&#8243; _module_preset=&#8221;default&#8221; global_colors_info=&#8221;{}&#8221;][et_pb_fullwidth_header title=&#8221;Certezas l\u00e1cteas&#8221; header_scroll_down=&#8221;on&#8221; scroll_down_icon_size=&#8221;25px&#8221; background_overlay_color=&#8221;rgba(0,0,0,0.24)&#8221; _builder_version=&#8221;4.14.7&#8243; _module_preset=&#8221;default&#8221; title_text_align=&#8221;center&#8221; title_text_color=&#8221;#FFFFFF&#8221; title_font_size=&#8221;45px&#8221; background_enable_color=&#8221;off&#8221; background_image=&#8221;https:\/\/sialaleche.org\/home\/wp-content\/uploads\/2023\/05\/12121545454121021.jpg&#8221; title_text_shadow_style=&#8221;preset1&#8243; global_colors_info=&#8221;{}&#8221;][\/et_pb_fullwidth_header][\/et_pb_section][et_pb_section fb_built=&#8221;1&#8243; _builder_version=&#8221;4.14.7&#8243; _module_preset=&#8221;default&#8221; global_colors_info=&#8221;{}&#8221;][et_pb_row _builder_version=&#8221;4.14.7&#8243; _module_preset=&#8221;default&#8221; global_colors_info=&#8221;{}&#8221;][et_pb_column type=&#8221;4_4&#8243; _builder_version=&#8221;4.14.7&#8243; _module_preset=&#8221;default&#8221; global_colors_info=&#8221;{}&#8221;][et_pb_text _builder_version=&#8221;4.14.7&#8243; _module_preset=&#8221;default&#8221; global_colors_info=&#8221;{}&#8221;]\n<h2>Lo que te hace bien, a ciencia cierta<\/h2>\n<p><strong>En su 10\u00aa edici\u00f3n, la Campa\u00f1a panamericana de consumo de l\u00e1cteos \u00a1S\u00ed a la leche! impulsada por la Federaci\u00f3n Panamericana de Lecher\u00eda (FEPALE) lanza un nuevo ciclo en el que destaca con claridad cient\u00edfica las virtudes de los l\u00e1cteos y desmitifica algunos conceptos.<\/strong><\/p>\n[\/et_pb_text][\/et_pb_column][\/et_pb_row][\/et_pb_section][et_pb_section fb_built=&#8221;1&#8243; _builder_version=&#8221;4.14.7&#8243; _module_preset=&#8221;default&#8221; custom_padding=&#8221;0px||||false|false&#8221; global_colors_info=&#8221;{}&#8221;][et_pb_row column_structure=&#8221;1_2,1_2&#8243; _builder_version=&#8221;4.14.7&#8243; _module_preset=&#8221;default&#8221; custom_padding=&#8221;0px||||false|false&#8221; global_colors_info=&#8221;{}&#8221;][et_pb_column type=&#8221;1_2&#8243; _builder_version=&#8221;4.14.7&#8243; _module_preset=&#8221;default&#8221; global_colors_info=&#8221;{}&#8221;][et_pb_video src=&#8221;https:\/\/youtu.be\/IWJnuJtPjwQ&#8221; _builder_version=&#8221;4.14.7&#8243; _module_preset=&#8221;default&#8221; global_colors_info=&#8221;{}&#8221;][\/et_pb_video][et_pb_video src=&#8221;https:\/\/youtu.be\/ZeBbrNQ4HCI&#8221; _builder_version=&#8221;4.14.7&#8243; _module_preset=&#8221;default&#8221; hover_enabled=&#8221;0&#8243; global_colors_info=&#8221;{}&#8221; sticky_enabled=&#8221;0&#8243;][\/et_pb_video][et_pb_video src=&#8221;https:\/\/youtu.be\/YBm95FrrVws&#8221; _builder_version=&#8221;4.14.7&#8243; _module_preset=&#8221;default&#8221; hover_enabled=&#8221;0&#8243; global_colors_info=&#8221;{}&#8221; sticky_enabled=&#8221;0&#8243;][\/et_pb_video][et_pb_video src=&#8221;https:\/\/youtu.be\/eB8-f6NX4Vo&#8221; _builder_version=&#8221;4.14.7&#8243; _module_preset=&#8221;default&#8221; hover_enabled=&#8221;0&#8243; global_colors_info=&#8221;{}&#8221; sticky_enabled=&#8221;0&#8243;][\/et_pb_video][et_pb_video src=&#8221;https:\/\/youtu.be\/BC3ZXXM3A0A&#8221; _builder_version=&#8221;4.14.7&#8243; _module_preset=&#8221;default&#8221; hover_enabled=&#8221;0&#8243; global_colors_info=&#8221;{}&#8221; sticky_enabled=&#8221;0&#8243;][\/et_pb_video][\/et_pb_column][et_pb_column type=&#8221;1_2&#8243; _builder_version=&#8221;4.14.7&#8243; _module_preset=&#8221;default&#8221; global_colors_info=&#8221;{}&#8221;][et_pb_video src=&#8221;https:\/\/youtu.be\/IiNv0Wb-ZjU&#8221; _builder_version=&#8221;4.14.7&#8243; _module_preset=&#8221;default&#8221; global_colors_info=&#8221;{}&#8221;][\/et_pb_video][et_pb_video src=&#8221;https:\/\/youtu.be\/jMmbmp5E5lo&#8221; _builder_version=&#8221;4.14.7&#8243; _module_preset=&#8221;default&#8221; hover_enabled=&#8221;0&#8243; global_colors_info=&#8221;{}&#8221; sticky_enabled=&#8221;0&#8243;][\/et_pb_video][et_pb_video src=&#8221;https:\/\/youtu.be\/RQ5mUoqWlWo&#8221; _builder_version=&#8221;4.14.7&#8243; _module_preset=&#8221;default&#8221; hover_enabled=&#8221;0&#8243; global_colors_info=&#8221;{}&#8221; sticky_enabled=&#8221;0&#8243;][\/et_pb_video][et_pb_video src=&#8221;https:\/\/youtu.be\/vdF57dvsSPs&#8221; _builder_version=&#8221;4.14.7&#8243; _module_preset=&#8221;default&#8221; hover_enabled=&#8221;0&#8243; global_colors_info=&#8221;{}&#8221; sticky_enabled=&#8221;0&#8243;][\/et_pb_video][et_pb_video src=&#8221;https:\/\/youtu.be\/o6Rzm0XnxsE&#8221; _builder_version=&#8221;4.14.7&#8243; _module_preset=&#8221;default&#8221; hover_enabled=&#8221;0&#8243; global_colors_info=&#8221;{}&#8221; sticky_enabled=&#8221;0&#8243;][\/et_pb_video][\/et_pb_column][\/et_pb_row][\/et_pb_section]\n","protected":false},"excerpt":{"rendered":"<p>Lo que te hace bien, a ciencia cierta En su 10\u00aa edici\u00f3n, la Campa\u00f1a panamericana de consumo de l\u00e1cteos \u00a1S\u00ed a la leche! impulsada por la Federaci\u00f3n Panamericana de Lecher\u00eda (FEPALE) lanza un nuevo ciclo en el que destaca con claridad cient\u00edfica las virtudes de los l\u00e1cteos y desmitifica algunos conceptos.<\/p>\n","protected":false},"author":1,"featured_media":0,"parent":303,"menu_order":1,"comment_status":"closed","ping_status":"closed","template":"","meta":{"_et_pb_use_builder":"on","_et_pb_old_content":"","_et_gb_content_width":"","rop_custom_images_group":[],"rop_custom_messages_group":[],"rop_publish_now":"initial","rop_publish_now_accounts":[],"rop_publish_now_history":[],"rop_publish_now_status":"pending","_themeisle_gutenberg_block_has_review":false,"footnotes":""},"class_list":["post-250565","page","type-page","status-publish","hentry"],"_links":{"self":[{"href":"https:\/\/sialaleche.org\/home\/wp-json\/wp\/v2\/pages\/250565","targetHints":{"allow":["GET"]}}],"collection":[{"href":"https:\/\/sialaleche.org\/home\/wp-json\/wp\/v2\/pages"}],"about":[{"href":"https:\/\/sialaleche.org\/home\/wp-json\/wp\/v2\/types\/page"}],"author":[{"embeddable":true,"href":"https:\/\/sialaleche.org\/home\/wp-json\/wp\/v2\/users\/1"}],"replies":[{"embeddable":true,"href":"https:\/\/sialaleche.org\/home\/wp-json\/wp\/v2\/comments?post=250565"}],"version-history":[{"count":9,"href":"https:\/\/sialaleche.org\/home\/wp-json\/wp\/v2\/pages\/250565\/revisions"}],"predecessor-version":[{"id":250577,"href":"https:\/\/sialaleche.org\/home\/wp-json\/wp\/v2\/pages\/250565\/revisions\/250577"}],"up":[{"embeddable":true,"href":"https:\/\/sialaleche.org\/home\/wp-json\/wp\/v2\/pages\/303"}],"wp:attachment":[{"href":"https:\/\/sialaleche.org\/home\/wp-json\/wp\/v2\/media?parent=250565"}],"curies":[{"name":"wp","href":"https:\/\/api.w.org\/{rel}","templated":true}]}}