{"id":297,"date":"2023-05-09T17:59:49","date_gmt":"2023-05-09T20:59:49","guid":{"rendered":"https:\/\/sialaleche.org\/home\/?page_id=297"},"modified":"2023-08-09T17:30:27","modified_gmt":"2023-08-09T20:30:27","slug":"acerca-de","status":"publish","type":"page","link":"https:\/\/sialaleche.org\/home\/acerca-de\/","title":{"rendered":"Acerca de"},"content":{"rendered":"[et_pb_section fb_built=&#8221;1&#8243; fullwidth=&#8221;on&#8221; _builder_version=&#8221;4.14.7&#8243; _module_preset=&#8221;default&#8221; global_colors_info=&#8221;{}&#8221;][et_pb_fullwidth_header title=&#8221;Acerca de nosotros&#8221; background_overlay_color=&#8221;rgba(0,0,0,0.24)&#8221; _builder_version=&#8221;4.14.7&#8243; _module_preset=&#8221;default&#8221; title_text_align=&#8221;center&#8221; title_text_color=&#8221;#FFFFFF&#8221; title_font_size=&#8221;45px&#8221; background_enable_color=&#8221;off&#8221; background_image=&#8221;https:\/\/sialaleche.org\/home\/wp-content\/uploads\/2023\/08\/VGYpmE.webp&#8221; background_position=&#8221;center_left&#8221; title_text_shadow_style=&#8221;preset1&#8243; global_colors_info=&#8221;{}&#8221;][\/et_pb_fullwidth_header][\/et_pb_section][et_pb_section fb_built=&#8221;1&#8243; _builder_version=&#8221;4.14.7&#8243; _module_preset=&#8221;default&#8221; global_colors_info=&#8221;{}&#8221;][et_pb_row _builder_version=&#8221;4.14.7&#8243; _module_preset=&#8221;default&#8221; custom_margin=&#8221;||||false|false&#8221; custom_padding=&#8221;0px||0px||false|false&#8221; global_colors_info=&#8221;{}&#8221;][et_pb_column type=&#8221;4_4&#8243; _builder_version=&#8221;4.14.7&#8243; _module_preset=&#8221;default&#8221; global_colors_info=&#8221;{}&#8221;][et_pb_text _builder_version=&#8221;4.14.7&#8243; _module_preset=&#8221;default&#8221; background_enable_color=&#8221;off&#8221; custom_padding=&#8221;30px||30px||false|false&#8221; border_radii=&#8221;on|15px|15px|15px|15px&#8221; border_width_all=&#8221;3px&#8221; border_color_all=&#8221;#D6D6D6&#8243; box_shadow_style=&#8221;preset3&#8243; global_colors_info=&#8221;{}&#8221;]\n<h1 itemprop=\"name\" class=\"post_title entry-title\" style=\"text-align: center;\">Campa\u00f1a panamericana de consumo de l\u00e1cteos \u00a1S\u00ed a la leche!<\/h1>\n[\/et_pb_text][\/et_pb_column][\/et_pb_row][\/et_pb_section][et_pb_section fb_built=&#8221;1&#8243; _builder_version=&#8221;4.14.7&#8243; _module_preset=&#8221;default&#8221; global_colors_info=&#8221;{}&#8221;][et_pb_row column_structure=&#8221;1_2,1_2&#8243; _builder_version=&#8221;4.14.7&#8243; _module_preset=&#8221;default&#8221; custom_padding=&#8221;0px||||false|false&#8221; global_colors_info=&#8221;{}&#8221;][et_pb_column type=&#8221;1_2&#8243; _builder_version=&#8221;4.14.7&#8243; _module_preset=&#8221;default&#8221; global_colors_info=&#8221;{}&#8221;][et_pb_image src=&#8221;https:\/\/sialaleche.org\/home\/wp-content\/uploads\/2023\/05\/2121-1.jpg&#8221; title_text=&#8221;2121&#8243; _builder_version=&#8221;4.14.7&#8243; _module_preset=&#8221;default&#8221; border_radii=&#8221;on|16px|16px|16px|16px&#8221; box_shadow_style=&#8221;preset3&#8243; global_colors_info=&#8221;{}&#8221;][\/et_pb_image][\/et_pb_column][et_pb_column type=&#8221;1_2&#8243; _builder_version=&#8221;4.14.7&#8243; _module_preset=&#8221;default&#8221; global_colors_info=&#8221;{}&#8221;][et_pb_text _builder_version=&#8221;4.14.7&#8243; _module_preset=&#8221;default&#8221; global_colors_info=&#8221;{}&#8221;]\n<p>La <strong>Campa\u00f1a panamericana de consumo de l\u00e1cteos \u00a1S\u00ed a la leche!<\/strong> busca promover un mejor y mayor consumo de leche y sus derivados en la regi\u00f3n.<\/p>\n<h3>Un alimento para toda la vida<\/h3>\n<p>La leche se presenta como una herramienta de gran valor por sus incomparables caracter\u00edsticas nutricionales: es el alimento m\u00e1s completo para el ser humano. No solo contiene prote\u00ednas de alto valor biol\u00f3gico, as\u00ed como diversas vitaminas y minerales imprescindibles para la nutrici\u00f3n humana, sino que tambi\u00e9n es la fuente por excelencia del calcio dietario.<\/p>\n<p><strong>\u00a1S\u00ed a la leche!<\/strong> se basa en la promoci\u00f3n de aportes de estricta base cient\u00edfica, que demuestran los beneficios del consumo de leche y sus derivados sobre el estado nutricional de la poblaci\u00f3n.<\/p>\n<p>Desde su inicio, el objetivo central de <strong>\u00a1S\u00ed a la leche!<\/strong> ha sido la promoci\u00f3n del consumo de productos l\u00e1cteos en toda la poblaci\u00f3n, haciendo muy especial \u00e9nfasis en los ni\u00f1os y adolescentes, para quienes la leche es la principal fuente de nutrientes de cara a un correcto crecimiento y desarrollo.<\/p>\n[\/et_pb_text][\/et_pb_column][\/et_pb_row][\/et_pb_section][et_pb_section fb_built=&#8221;1&#8243; _builder_version=&#8221;4.14.7&#8243; _module_preset=&#8221;default&#8221; global_colors_info=&#8221;{}&#8221;][et_pb_row _builder_version=&#8221;4.14.7&#8243; _module_preset=&#8221;default&#8221; custom_padding=&#8221;21px|||||&#8221; global_colors_info=&#8221;{}&#8221;][et_pb_column type=&#8221;4_4&#8243; _builder_version=&#8221;4.14.7&#8243; _module_preset=&#8221;default&#8221; global_colors_info=&#8221;{}&#8221;][et_pb_text _builder_version=&#8221;4.14.7&#8243; _module_preset=&#8221;default&#8221; global_colors_info=&#8221;{}&#8221;]\n<h2>Ni\u00f1os y adolescentes<\/h2>\n<p><strong>\u00a1S\u00ed a la leche!<\/strong> se propone hacer especial \u00e9nfasis en los ni\u00f1os y adolescentes. Para esto, la campa\u00f1a:<\/p>\n<p>&nbsp;<\/p>\n<ul class=\"sc_list sc_list_style_arrows\">\n<li class=\"sc_list_item icon-right-open-big odd first\">Brinda materiales t\u00e9cnicos con informaci\u00f3n sobre los beneficios del consumo de l\u00e1cteos para la prevenci\u00f3n de diversas patolog\u00edas, en particular, la malnutrici\u00f3n infantil.<\/li>\n<li class=\"sc_list_item icon-right-open-big even\">Coordina actividades con la participaci\u00f3n directa de ni\u00f1os, adolescentes, padres, maestros y profesionales de la salud (m\u00e9dicos, nutricionistas).<\/li>\n<li class=\"sc_list_item icon-right-open-big odd\">Desarrolla y distribuye materiales did\u00e1cticos para su uso en centros educativos y espacios de recreaci\u00f3n como afiches, folletos, juegos para ni\u00f1os.<\/li>\n<li class=\"sc_list_item icon-right-open-big even\">Ofrece un completo website con informaci\u00f3n y est\u00e1 presente en las redes sociales, lo que permite una llegada mayor a ni\u00f1os y adolescentes: en esta plataforma on line, se promueven actividades y materiales acordes a sus necesidades e intereses.<\/li>\n<li class=\"sc_list_item icon-right-open-big odd\">Realiza actividades de formaci\u00f3n (conferencias, foros electr\u00f3nicos, curso sobre l\u00e1cteos funcionales, talleres).<\/li>\n<li class=\"sc_list_item icon-right-open-big even\">Difunde informaci\u00f3n (estudios de consumo, boletines y revistas electr\u00f3nicas, videos, sitios web).<\/li>\n<li class=\"sc_list_item icon-right-open-big odd\">Promueve actividades institucionales (premios, concursos, alianzas estrat\u00e9gicas con actores nacionales e internacionales de los sectores l\u00e1cteos, de la salud y de la nutrici\u00f3n).<\/li>\n<\/ul>\n[\/et_pb_text][et_pb_image src=&#8221;https:\/\/sialaleche.org\/home\/wp-content\/uploads\/2023\/08\/25-de-julio-2048&#215;1367-1.jpg&#8221; title_text=&#8221;25-de-julio-2048&#215;1367&#8243; _builder_version=&#8221;4.14.7&#8243; _module_preset=&#8221;default&#8221; hover_enabled=&#8221;0&#8243; border_radii=&#8221;on|15px|15px|15px|15px&#8221; global_colors_info=&#8221;{}&#8221; box_shadow_style=&#8221;preset2&#8243; sticky_enabled=&#8221;0&#8243;][\/et_pb_image][et_pb_text _builder_version=&#8221;4.14.7&#8243; _module_preset=&#8221;default&#8221; global_colors_info=&#8221;{}&#8221;]\n<h2>\u00bfPor qu\u00e9 una campa\u00f1a de promoci\u00f3n del consumo de l\u00e1cteos?<\/h2>\n<p>La mayor\u00eda de los pa\u00edses de Am\u00e9rica Latina y el Caribe no logran alcanzar el consumo m\u00ednimo de l\u00e1cteos recomendado por los organismos internacionales y por los especialistas.<\/p>\n<p>La leche, como alimento indispensable para el ser humano por su insustituible aporte nutricional, es un aliado para lograr una mejor nutrici\u00f3n de nuestra poblaci\u00f3n, muy especialmente de los ni\u00f1os y adolescentes.<\/p>\n<p><strong>\u00a1S\u00ed a la leche!<\/strong> busca contribuir a revertir la realidad de nuestros pa\u00edses, donde el consumo de productos l\u00e1cteos es insuficiente para cubrir las recomendaciones nutricionales. Esta situaci\u00f3n se ve acentuada en las clases menos favorecidas, quienes no tienen, en general, el h\u00e1bito del consumo de l\u00e1cteos en su dieta cotidiana.<\/p>\n<p>\u00a0<strong>\u00a1S\u00ed a la leche! se propone:<\/strong><\/p>\n<p>&nbsp;<\/p>\n<ul class=\"sc_list sc_list_style_arrows\">\n<li class=\"sc_list_item icon-right-open-big odd first\">Brindar un marco institucional propicio para aquellas instituciones que realizan actividades de fomento del consumo de productos l\u00e1cteos, as\u00ed como a aquellas que a\u00fan no lo han hecho.<\/li>\n<li class=\"sc_list_item icon-right-open-big even\">Coordinar acciones a nivel panamericano, en conjunto con diferentes instituciones de los gobiernos y del sector l\u00e1cteo.<\/li>\n<li class=\"sc_list_item icon-right-open-big odd\">Sensibilizar y comprometer a diversos actores, generando una herramienta imprescindible que contribuya a la promoci\u00f3n del consumo de productos l\u00e1cteos como beneficio para la salud humana.<\/li>\n<li class=\"sc_list_item icon-right-open-big even\">Contribuir a fomentar un adecuado consumo de productos l\u00e1cteos en la poblaci\u00f3n general, haciendo \u00e9nfasis en los ni\u00f1os y adolescentes.<\/li>\n<li class=\"sc_list_item icon-right-open-big odd\">Brindar informaci\u00f3n t\u00e9cnica a profesionales de la salud y docentes, acerca de los beneficios del consumo de productos l\u00e1cteos para la salud de la poblaci\u00f3n en general.<\/li>\n<li class=\"sc_list_item icon-right-open-big even\">Promover y apoyar programas sociales de alimentaci\u00f3n, en especial, los programas de alimentaci\u00f3n escolar, procurando llegar a los ni\u00f1os de estratos sociales necesitados.<\/li>\n<\/ul>\n[\/et_pb_text][et_pb_text _builder_version=&#8221;4.14.7&#8243; _module_preset=&#8221;default&#8221; header_3_line_height=&#8221;1.6em&#8221; global_colors_info=&#8221;{}&#8221;]\n<h3><strong>UN VASO DE LECHE<\/strong> aporta los nutrientes fundamentales para contribuir a un correcto crecimiento y desarrollo. Adem\u00e1s, se encuentran en un excelente equilibrio entre ellos, lo que hace que sean muy bien utilizados por el cuerpo.<\/h3>\n<p>&nbsp;<\/p>\n<p><em><strong>Entre otros nutrientes ofrece:<\/strong><\/em><\/p>\n<ul class=\"sc_list sc_list_style_arrows\">\n<li class=\"sc_list_item icon-right-open-big odd first\">Prote\u00ednas de alto valor biol\u00f3gico (contienen todos los amino\u00e1cidos esenciales).<\/li>\n<li class=\"sc_list_item icon-right-open-big even\">Calcio \u2013 la leche es el alimento fuente de calcio por excelencia.<\/li>\n<li class=\"sc_list_item icon-right-open-big odd\">Vitaminas: A, B2, B3, B12 y D.<\/li>\n<li class=\"sc_list_item icon-right-open-big even\">Grasas de buena calidad, necesarias en nuestra alimentaci\u00f3n.<\/li>\n<li class=\"sc_list_item icon-right-open-big odd\">Minerales: magnesio, potasio, zinc y f\u00f3sforo.<\/li>\n<\/ul>\n<h3>Algunos beneficios del consumo l\u00e1cteo para la poblaci\u00f3n en general<\/h3>\n<p>Son necesarios en la prevenci\u00f3n y tratamiento de diversas patolog\u00edas metab\u00f3licas como osteoporosis, obesidad, hipertensi\u00f3n arterial, diabetes, dislipemias y s\u00edndrome metab\u00f3lico, as\u00ed como algunas formas de c\u00e1nceres como el de colon y el de mama. Son buenos para la memoria y necesarios para para el desarrollo cognitivo y un mejor aprendizaje en nuestro ni\u00f1os. Previenen adem\u00e1s las caries dentales y muchos de ellos tienen propiedades funcionales pues nos ayudan a un mejor funcionamiento de nuestro sistema digestivo y nos protegen de las infecciones.<\/p>\n<p><strong>Todos podemos involucrarnos en cambiar la realidad de nuestros pa\u00edses y revertir las problem\u00e1ticas alimenticias de nuestra poblaci\u00f3n y, en particular, de nuestros ni\u00f1os.\u00a0S\u00famate a la campa\u00f1a de \u00a1S\u00ed a la leche!, inf\u00f3rmate y ay\u00fadanos a difundirla: podr\u00e1s acompa\u00f1arnos en las redes sociales (<span><a href=\"https:\/\/twitter.com\/sialaleche\" target=\"_blank\" rel=\"noopener noreferrer\">Twitter<\/a><\/span>,<span><a href=\"https:\/\/www.instagram.com\/sialaleche\/\" target=\"_blank\" rel=\"noopener noreferrer\"> Instagram<\/a><\/span>,\u00a0<span><a href=\"https:\/\/www.facebook.com\/sialaleche\" target=\"_blank\" rel=\"noopener noreferrer\">Facebook <\/a><\/span>y <span><a href=\"https:\/\/www.linkedin.com\/company\/%C2%A1s%C3%AD-a-la-leche-\" target=\"_blank\" rel=\"noopener noreferrer\">LinkedIn<\/a><\/span>).<\/strong><\/p>\n<div class=\"wp-block-spacer\" aria-hidden=\"true\"><\/div>\n<p><em>La informaci\u00f3n y los recursos publicados en este sitio y en los materiales de la Campa\u00f1a \u00a1S\u00ed a la leche! pertenecen a sus respectivos autores y no representan necesariamente las opiniones de la Federaci\u00f3n Panamericana de Lecher\u00eda o de la Campa\u00f1a.<\/em><\/p>\n[\/et_pb_text][\/et_pb_column][\/et_pb_row][\/et_pb_section]\n","protected":false},"excerpt":{"rendered":"<p>Campa\u00f1a panamericana de consumo de l\u00e1cteos \u00a1S\u00ed a la leche!La Campa\u00f1a panamericana de consumo de l\u00e1cteos \u00a1S\u00ed a la leche! busca promover un mejor y mayor consumo de leche y sus derivados en la regi\u00f3n. Un alimento para toda la vida La leche se presenta como una herramienta de gran valor por sus incomparables caracter\u00edsticas [&hellip;]<\/p>\n","protected":false},"author":1,"featured_media":0,"parent":0,"menu_order":0,"comment_status":"closed","ping_status":"closed","template":"","meta":{"_et_pb_use_builder":"on","_et_pb_old_content":"","_et_gb_content_width":"","rop_custom_images_group":[],"rop_custom_messages_group":[],"rop_publish_now":"initial","rop_publish_now_accounts":[],"rop_publish_now_history":[],"rop_publish_now_status":"pending","_themeisle_gutenberg_block_has_review":false,"footnotes":""},"class_list":["post-297","page","type-page","status-publish","hentry"],"_links":{"self":[{"href":"https:\/\/sialaleche.org\/home\/wp-json\/wp\/v2\/pages\/297","targetHints":{"allow":["GET"]}}],"collection":[{"href":"https:\/\/sialaleche.org\/home\/wp-json\/wp\/v2\/pages"}],"about":[{"href":"https:\/\/sialaleche.org\/home\/wp-json\/wp\/v2\/types\/page"}],"author":[{"embeddable":true,"href":"https:\/\/sialaleche.org\/home\/wp-json\/wp\/v2\/users\/1"}],"replies":[{"embeddable":true,"href":"https:\/\/sialaleche.org\/home\/wp-json\/wp\/v2\/comments?post=297"}],"version-history":[{"count":19,"href":"https:\/\/sialaleche.org\/home\/wp-json\/wp\/v2\/pages\/297\/revisions"}],"predecessor-version":[{"id":250830,"href":"https:\/\/sialaleche.org\/home\/wp-json\/wp\/v2\/pages\/297\/revisions\/250830"}],"wp:attachment":[{"href":"https:\/\/sialaleche.org\/home\/wp-json\/wp\/v2\/media?parent=297"}],"curies":[{"name":"wp","href":"https:\/\/api.w.org\/{rel}","templated":true}]}}