{"id":307,"date":"2023-05-09T18:02:05","date_gmt":"2023-05-09T21:02:05","guid":{"rendered":"https:\/\/sialaleche.org\/home\/?page_id=307"},"modified":"2024-05-20T18:35:34","modified_gmt":"2024-05-20T21:35:34","slug":"descargables","status":"publish","type":"page","link":"https:\/\/sialaleche.org\/home\/descargables\/","title":{"rendered":"Descargables"},"content":{"rendered":"[et_pb_section fb_built=&#8221;1&#8243; fullwidth=&#8221;on&#8221; _builder_version=&#8221;4.16&#8243; _module_preset=&#8221;default&#8221; global_colors_info=&#8221;{}&#8221;][et_pb_fullwidth_header title=&#8221;Descargables&#8221; background_overlay_color=&#8221;rgba(0,0,0,0.24)&#8221; _builder_version=&#8221;4.16&#8243; _module_preset=&#8221;default&#8221; title_text_align=&#8221;center&#8221; title_text_color=&#8221;#FFFFFF&#8221; title_font_size=&#8221;45px&#8221; background_enable_color=&#8221;off&#8221; background_image=&#8221;https:\/\/sialaleche.org\/home\/wp-content\/uploads\/2023\/08\/0212545454.jpg&#8221; parallax=&#8221;on&#8221; title_text_shadow_style=&#8221;preset1&#8243; global_colors_info=&#8221;{}&#8221;][\/et_pb_fullwidth_header][\/et_pb_section][et_pb_section fb_built=&#8221;1&#8243; _builder_version=&#8221;4.16&#8243; _module_preset=&#8221;default&#8221; global_colors_info=&#8221;{}&#8221;][et_pb_row _builder_version=&#8221;4.16&#8243; _module_preset=&#8221;default&#8221; custom_margin=&#8221;||||false|false&#8221; custom_padding=&#8221;0px||0px||false|false&#8221; global_colors_info=&#8221;{}&#8221;][et_pb_column type=&#8221;4_4&#8243; _builder_version=&#8221;4.16&#8243; _module_preset=&#8221;default&#8221; global_colors_info=&#8221;{}&#8221;][et_pb_text _builder_version=&#8221;4.16&#8243; _module_preset=&#8221;default&#8221; custom_margin=&#8221;||25px||false|false&#8221; custom_padding=&#8221;20px|20px|15px|20px|false|false&#8221; border_radii=&#8221;on|10px|10px|10px|10px&#8221; border_width_all=&#8221;1px&#8221; box_shadow_style=&#8221;preset2&#8243; box_shadow_horizontal=&#8221;-3px&#8221; box_shadow_blur=&#8221;14px&#8221; box_shadow_spread=&#8221;-3px&#8221; global_colors_info=&#8221;{}&#8221;]\n<h2 style=\"text-align: center;\"><span style=\"text-decoration: underline;\">Descargables<\/span>: Afiches, Folletos, Papertoy, Tall\u00edmetro, Adhesivos<\/h2>\n[\/et_pb_text][\/et_pb_column][\/et_pb_row][et_pb_row _builder_version=&#8221;4.22.1&#8243; _module_preset=&#8221;default&#8221; custom_margin=&#8221;||||false|false&#8221; custom_padding=&#8221;0px||0px||false|false&#8221; hover_enabled=&#8221;0&#8243; global_colors_info=&#8221;{}&#8221; sticky_enabled=&#8221;0&#8243;][et_pb_column type=&#8221;4_4&#8243; _builder_version=&#8221;4.16&#8243; _module_preset=&#8221;default&#8221; global_colors_info=&#8221;{}&#8221;][et_pb_text _builder_version=&#8221;4.22.1&#8243; _module_preset=&#8221;default&#8221; custom_margin=&#8221;||25px||false|false&#8221; custom_padding=&#8221;20px|20px|15px|20px|false|false&#8221; hover_enabled=&#8221;0&#8243; border_radii=&#8221;on|10px|10px|10px|10px&#8221; border_width_all=&#8221;1px&#8221; box_shadow_style=&#8221;preset2&#8243; box_shadow_horizontal=&#8221;-3px&#8221; box_shadow_blur=&#8221;14px&#8221; box_shadow_spread=&#8221;-3px&#8221; global_colors_info=&#8221;{}&#8221; sticky_enabled=&#8221;0&#8243; background_enable_pattern_style=&#8221;on&#8221; background_pattern_style=&#8221;diagonal-stripes-2&#8243; background_pattern_color=&#8221;rgba(0,0,0,0.07)&#8221;]\n<p><strong>\u00a1S\u00ed a la leche!<\/strong>\u00a0sensibiliza a padres, madres, ni\u00f1os y docentes brind\u00e1ndoles informaci\u00f3n y herramientas concretas como materiales de trabajo para la vida educativa y dom\u00e9stica de libre uso. <span class=\"sc_icon icon-right-open-1 sc_icon_square\"><\/span> Algunos materiales\u00a0tienen calidad de pantalla; para recibirlos en calidad de producci\u00f3n o para su distribuci\u00f3n, no dude en contactarnos a trav\u00e9s de <a href=\"mailto:sialaleche@fepale.org\" target=\"_blank\" rel=\"noopener noreferrer\">sialaleche@fepale.org<\/a><\/p>\n[\/et_pb_text][\/et_pb_column][\/et_pb_row][et_pb_row _builder_version=&#8221;4.22.1&#8243; _module_preset=&#8221;default&#8221; column_structure=&#8221;1_4,1_4,1_4,1_4&#8243; hover_enabled=&#8221;0&#8243; sticky_enabled=&#8221;0&#8243;][et_pb_column _builder_version=&#8221;4.22.1&#8243; _module_preset=&#8221;default&#8221; type=&#8221;1_4&#8243;][et_pb_image src=&#8221;https:\/\/sialaleche.org\/home\/wp-content\/uploads\/2024\/05\/bot_afiches.jpg&#8221; _builder_version=&#8221;4.22.1&#8243; _module_preset=&#8221;default&#8221; title_text=&#8221;bot_afiches&#8221; hover_enabled=&#8221;0&#8243; sticky_enabled=&#8221;0&#8243; url=&#8221;https:\/\/sialaleche.org\/home\/wp-content\/uploads\/2024\/05\/Fepale_Afiches_institucionales_.pdf&#8221; url_new_window=&#8221;on&#8221; use_overlay=&#8221;on&#8221; hover_overlay_color=&#8221;rgba(131,0,233,0.39)&#8221; hover_icon=&#8221;&#xe054;||divi||400&#8243; box_shadow_style=&#8221;preset3&#8243; overlay_icon_color=&#8221;#FFFFFF&#8221;][\/et_pb_image][\/et_pb_column][et_pb_column _builder_version=&#8221;4.22.1&#8243; _module_preset=&#8221;default&#8221; type=&#8221;1_4&#8243;][et_pb_image src=&#8221;https:\/\/sialaleche.org\/home\/wp-content\/uploads\/2024\/05\/bot_folleto2.png&#8221; _builder_version=&#8221;4.22.1&#8243; _module_preset=&#8221;default&#8221; title_text=&#8221;bot_folleto2&#8243; hover_enabled=&#8221;0&#8243; sticky_enabled=&#8221;0&#8243; url=&#8221;https:\/\/sialaleche.org\/home\/wp-content\/uploads\/2024\/05\/Fepale_Folleto_WEB2.pdf&#8221; url_new_window=&#8221;on&#8221; use_overlay=&#8221;on&#8221; overlay_icon_color=&#8221;#FFFFFF&#8221; hover_icon=&#8221;&#xe054;||divi||400&#8243; hover_overlay_color=&#8221;rgba(131,0,233,0.39)&#8221; box_shadow_style=&#8221;preset3&#8243;][\/et_pb_image][\/et_pb_column][et_pb_column _builder_version=&#8221;4.22.1&#8243; _module_preset=&#8221;default&#8221; type=&#8221;1_4&#8243;][et_pb_image src=&#8221;https:\/\/sialaleche.org\/home\/wp-content\/uploads\/2024\/05\/bot_afiche2.jpg&#8221; _builder_version=&#8221;4.22.1&#8243; _module_preset=&#8221;default&#8221; title_text=&#8221;bot_afiche2&#8243; hover_enabled=&#8221;0&#8243; sticky_enabled=&#8221;0&#8243; url=&#8221;https:\/\/sialaleche.org\/home\/wp-content\/uploads\/2024\/05\/Fepale_Afiches_educativo_WEB2.pdf&#8221; url_new_window=&#8221;on&#8221; use_overlay=&#8221;on&#8221; overlay_icon_color=&#8221;#FFFFFF&#8221; hover_icon=&#8221;&#xe054;||divi||400&#8243; hover_overlay_color=&#8221;rgba(131,0,233,0.39)&#8221; box_shadow_style=&#8221;preset3&#8243;][\/et_pb_image][\/et_pb_column][et_pb_column _builder_version=&#8221;4.22.1&#8243; _module_preset=&#8221;default&#8221; type=&#8221;1_4&#8243;][et_pb_image src=&#8221;https:\/\/sialaleche.org\/home\/wp-content\/uploads\/2024\/05\/bot_papertoy.jpg&#8221; _builder_version=&#8221;4.22.1&#8243; _module_preset=&#8221;default&#8221; title_text=&#8221;bot_papertoy&#8221; hover_enabled=&#8221;0&#8243; sticky_enabled=&#8221;0&#8243; url=&#8221;https:\/\/sialaleche.org\/home\/wp-content\/uploads\/2024\/05\/Fepale_Papertoy_WEB2.pdf&#8221; url_new_window=&#8221;on&#8221; use_overlay=&#8221;on&#8221; overlay_icon_color=&#8221;#FFFFFF&#8221; hover_icon=&#8221;&#xe054;||divi||400&#8243; hover_overlay_color=&#8221;rgba(131,0,233,0.39)&#8221; box_shadow_style=&#8221;preset3&#8243;][\/et_pb_image][\/et_pb_column][\/et_pb_row][et_pb_row _builder_version=&#8221;4.22.1&#8243; _module_preset=&#8221;default&#8221; column_structure=&#8221;1_4,1_4,1_4,1_4&#8243;][et_pb_column _builder_version=&#8221;4.22.1&#8243; _module_preset=&#8221;default&#8221; type=&#8221;1_4&#8243;][et_pb_image src=&#8221;https:\/\/sialaleche.org\/home\/wp-content\/uploads\/2024\/05\/bot_tallimetro.jpg&#8221; _builder_version=&#8221;4.22.1&#8243; _module_preset=&#8221;default&#8221; title_text=&#8221;bot_tallimetro&#8221; hover_enabled=&#8221;0&#8243; sticky_enabled=&#8221;0&#8243; url=&#8221;https:\/\/sialaleche.org\/home\/wp-content\/uploads\/2024\/05\/Fepale_TallImetro_WEB2.pdf&#8221; url_new_window=&#8221;on&#8221; use_overlay=&#8221;on&#8221; overlay_icon_color=&#8221;#FFFFFF&#8221; hover_icon=&#8221;&#xe054;||divi||400&#8243; hover_overlay_color=&#8221;rgba(131,0,233,0.39)&#8221; box_shadow_style=&#8221;preset3&#8243;][\/et_pb_image][\/et_pb_column][et_pb_column _builder_version=&#8221;4.22.1&#8243; _module_preset=&#8221;default&#8221; type=&#8221;1_4&#8243;][et_pb_image src=&#8221;https:\/\/sialaleche.org\/home\/wp-content\/uploads\/2024\/05\/bot_adhesivos.jpg&#8221; _builder_version=&#8221;4.22.1&#8243; _module_preset=&#8221;default&#8221; title_text=&#8221;bot_adhesivos&#8221; hover_enabled=&#8221;0&#8243; sticky_enabled=&#8221;0&#8243; url=&#8221;http:\/\/www.sialaleche.org\/descargas\/Fepale_Adhesivos_WEB.pdf&#8221; url_new_window=&#8221;on&#8221; use_overlay=&#8221;on&#8221; overlay_icon_color=&#8221;#FFFFFF&#8221; hover_icon=&#8221;&#xe054;||divi||400&#8243; hover_overlay_color=&#8221;rgba(131,0,233,0.39)&#8221; box_shadow_style=&#8221;preset3&#8243;][\/et_pb_image][\/et_pb_column][et_pb_column _builder_version=&#8221;4.22.1&#8243; _module_preset=&#8221;default&#8221; type=&#8221;1_4&#8243;][et_pb_image src=&#8221;https:\/\/sialaleche.org\/home\/wp-content\/uploads\/2024\/05\/bot_folleto3.jpg&#8221; _builder_version=&#8221;4.22.1&#8243; _module_preset=&#8221;default&#8221; title_text=&#8221;bot_folleto3&#8243; hover_enabled=&#8221;0&#8243; sticky_enabled=&#8221;0&#8243; url=&#8221;https:\/\/sialaleche.org\/home\/wp-content\/uploads\/2024\/05\/Fepale_Folleto_institucional_WEB2.pdf&#8221; url_new_window=&#8221;on&#8221; use_overlay=&#8221;on&#8221; overlay_icon_color=&#8221;#FFFFFF&#8221; hover_icon=&#8221;&#xe054;||divi||400&#8243; hover_overlay_color=&#8221;rgba(131,0,233,0.39)&#8221; box_shadow_style=&#8221;preset3&#8243;][\/et_pb_image][\/et_pb_column][et_pb_column _builder_version=&#8221;4.22.1&#8243; _module_preset=&#8221;default&#8221; type=&#8221;1_4&#8243;][et_pb_image src=&#8221;https:\/\/sialaleche.org\/home\/wp-content\/uploads\/2024\/05\/bot_libro.jpg&#8221; _builder_version=&#8221;4.22.1&#8243; _module_preset=&#8221;default&#8221; title_text=&#8221;bot_libro&#8221; hover_enabled=&#8221;0&#8243; sticky_enabled=&#8221;0&#8243; url=&#8221;https:\/\/sialaleche.org\/home\/wp-content\/uploads\/2024\/03\/Libro_Infantil_FEPALE_version_digital.pdf&#8221; url_new_window=&#8221;on&#8221; use_overlay=&#8221;on&#8221; overlay_icon_color=&#8221;#FFFFFF&#8221; hover_icon=&#8221;&#xe054;||divi||400&#8243; hover_overlay_color=&#8221;rgba(131,0,233,0.39)&#8221; box_shadow_style=&#8221;preset3&#8243;][\/et_pb_image][\/et_pb_column][\/et_pb_row][et_pb_row _builder_version=&#8221;4.16&#8243; _module_preset=&#8221;default&#8221; custom_margin=&#8221;||||false|false&#8221; custom_padding=&#8221;0px||0px||false|false&#8221; global_colors_info=&#8221;{}&#8221;][et_pb_column type=&#8221;4_4&#8243; _builder_version=&#8221;4.16&#8243; _module_preset=&#8221;default&#8221; global_colors_info=&#8221;{}&#8221;][et_pb_text _builder_version=&#8221;4.16&#8243; _module_preset=&#8221;default&#8221; custom_margin=&#8221;||25px||false|false&#8221; custom_padding=&#8221;20px|20px|15px|20px|false|false&#8221; border_radii=&#8221;on|10px|10px|10px|10px&#8221; border_width_all=&#8221;1px&#8221; box_shadow_style=&#8221;preset2&#8243; box_shadow_horizontal=&#8221;-3px&#8221; box_shadow_blur=&#8221;14px&#8221; box_shadow_spread=&#8221;-3px&#8221; global_colors_info=&#8221;{}&#8221;]\n<h2 style=\"text-align: center;\">Nuestros Libros descargables de Si a la Leche<\/h2>\n[\/et_pb_text][\/et_pb_column][\/et_pb_row][et_pb_row _builder_version=&#8221;4.16&#8243; _module_preset=&#8221;default&#8221; global_colors_info=&#8221;{}&#8221;][et_pb_column type=&#8221;4_4&#8243; _builder_version=&#8221;4.16&#8243; _module_preset=&#8221;default&#8221; global_colors_info=&#8221;{}&#8221;][et_pb_image src=&#8221;https:\/\/sialaleche.org\/home\/wp-content\/uploads\/2023\/08\/tapa.jpg&#8221; title_text=&#8221;Ver PDF&#8221; url=&#8221;https:\/\/sialaleche.org\/home\/wp-content\/uploads\/2023\/08\/Libro-SI-A-LA-LECHE-Fepale.pdf&#8221; url_new_window=&#8221;on&#8221; use_overlay=&#8221;on&#8221; overlay_icon_color=&#8221;#FFFFFF&#8221; hover_overlay_color=&#8221;rgba(0,0,0,0.3)&#8221; hover_icon=&#8221;&#xe050;||divi||400&#8243; _builder_version=&#8221;4.16&#8243; _module_preset=&#8221;default&#8221; border_radii=&#8221;on|15px|15px|15px|15px&#8221; border_width_all=&#8221;1px&#8221; border_color_all=&#8221;#000000&#8243; box_shadow_style=&#8221;preset3&#8243; box_shadow_blur=&#8221;40px&#8221; box_shadow_spread=&#8221;15px&#8221; global_colors_info=&#8221;{}&#8221;][\/et_pb_image][\/et_pb_column][\/et_pb_row][\/et_pb_section]\n","protected":false},"excerpt":{"rendered":"<p>Descargables: Afiches, Folletos, Papertoy, Tall\u00edmetro, Adhesivos\u00a1S\u00ed a la leche!\u00a0sensibiliza a padres, madres, ni\u00f1os y docentes brind\u00e1ndoles informaci\u00f3n y herramientas concretas como materiales de trabajo para la vida educativa y dom\u00e9stica de libre uso. Algunos materiales\u00a0tienen calidad de pantalla; para recibirlos en calidad de producci\u00f3n o para su distribuci\u00f3n, no dude en contactarnos a trav\u00e9s de [&hellip;]<\/p>\n","protected":false},"author":1,"featured_media":0,"parent":0,"menu_order":0,"comment_status":"closed","ping_status":"closed","template":"","meta":{"_et_pb_use_builder":"on","_et_pb_old_content":"","_et_gb_content_width":"","rop_custom_images_group":[],"rop_custom_messages_group":[],"rop_publish_now":"initial","rop_publish_now_accounts":[],"rop_publish_now_history":[],"rop_publish_now_status":"pending","_themeisle_gutenberg_block_has_review":false,"footnotes":""},"class_list":["post-307","page","type-page","status-publish","hentry"],"_links":{"self":[{"href":"https:\/\/sialaleche.org\/home\/wp-json\/wp\/v2\/pages\/307","targetHints":{"allow":["GET"]}}],"collection":[{"href":"https:\/\/sialaleche.org\/home\/wp-json\/wp\/v2\/pages"}],"about":[{"href":"https:\/\/sialaleche.org\/home\/wp-json\/wp\/v2\/types\/page"}],"author":[{"embeddable":true,"href":"https:\/\/sialaleche.org\/home\/wp-json\/wp\/v2\/users\/1"}],"replies":[{"embeddable":true,"href":"https:\/\/sialaleche.org\/home\/wp-json\/wp\/v2\/comments?post=307"}],"version-history":[{"count":42,"href":"https:\/\/sialaleche.org\/home\/wp-json\/wp\/v2\/pages\/307\/revisions"}],"predecessor-version":[{"id":251951,"href":"https:\/\/sialaleche.org\/home\/wp-json\/wp\/v2\/pages\/307\/revisions\/251951"}],"wp:attachment":[{"href":"https:\/\/sialaleche.org\/home\/wp-json\/wp\/v2\/media?parent=307"}],"curies":[{"name":"wp","href":"https:\/\/api.w.org\/{rel}","templated":true}]}}